{"id":7115,"date":"2025-11-27T14:48:42","date_gmt":"2025-11-27T14:48:42","guid":{"rendered":"https:\/\/fundacioferrergreenforgood.org\/noticies\/"},"modified":"2025-12-02T13:59:42","modified_gmt":"2025-12-02T13:59:42","slug":"noticies","status":"publish","type":"page","link":"https:\/\/fundacioferrergreenforgood.org\/es\/noticies\/","title":{"rendered":"Noticias"},"content":{"rendered":"\n<style type=\"text\/css\" data-created_by=\"avia_inline_auto\" id=\"style-css-av-31krgp-c5fb563917696151d41999425bea7fb6\">\n#top .hr.av-31krgp-c5fb563917696151d41999425bea7fb6{\nmargin-top:0px;\nmargin-bottom:30px;\n}\n.hr.av-31krgp-c5fb563917696151d41999425bea7fb6 .hr-inner{\nwidth:100%;\nborder-color:#e2e7e1;\n}\n<\/style>\n<div  class='hr av-31krgp-c5fb563917696151d41999425bea7fb6 hr-custom  avia-builder-el-0  el_before_av_textblock  avia-builder-el-first  hr-left hr-icon-no'><span class='hr-inner inner-border-av-border-thin'><span class=\"hr-inner-style\"><\/span><\/span><\/div>\n<section  class='av_textblock_section av-miona1ip-b60b2a874695b71af5f77a452e1ef5ac '   itemscope=\"itemscope\" itemtype=\"https:\/\/schema.org\/CreativeWork\" ><div class='avia_textblock'  itemprop=\"text\" ><h1 style=\"text-align: center;\">Noticias<\/h1>\n<\/div><\/section>\n<\/div><\/div><\/div><!-- close content main div --><\/div><\/div><div id='av_section_1'  class='avia-section av-2yldq1-97c65b77ec97f5e8c7aeeb09bdd6c84b main_color avia-section-default avia-no-border-styling  avia-builder-el-2  el_after_av_textblock  avia-builder-el-last  avia-bg-style-scroll container_wrap fullsize'  ><div class='container av-section-cont-open' ><div class='template-page content  av-content-full alpha units'><div class='post-entry post-entry-type-page post-entry-7115'><div class='entry-content-wrapper clearfix'>\n<div id='av-masonry-1' class='av-masonry av-3ai9jd-bc2c2a015ce54410c05bda4177e001fa noHover av-fixed-size av-large-gap av-hover-overlay-active av-masonry-animation-active av-masonry-col-3 av-caption-always av-caption-style-overlay av-masonry-entries av-orientation-square ' data-post_id=\"7115\"><div class='av-masonry-sort main_color av-sort-yes' data-masonry-id='1' ><div class='av-sort-by-term  ' data-av-allowed-sort='[\"huerto-ie-la-mina_sort\",\"huerto-la-florida_sort\",\"huerto-sin-fronteras_sort\",\"investigacion_sort\",\"jardi-fenix_sort\"]' ><a href=\"#\" data-filter=\"all_sort\" class=\"all_sort_button active_sort\"><span class=\"inner_sort_button\"><span>Todo<\/span><small class=\"avia-term-count\"> 8 <\/small><\/span><\/a><span class='text-sep huerto-ie-la-mina_sort_sep avia_show_sort'>\/<\/span><a href=\"#\" data-filter=\"huerto-ie-la-mina_sort\" class=\"huerto-ie-la-mina_sort_button avia_show_sort\" ><span class=\"inner_sort_button\"><span>Huerto IE La Mina (Sant Adri\u00e0 de Bes\u00f3s)<\/span><small class='avia-term-count'> 5 <\/small><\/span><\/a><span class='text-sep huerto-la-florida_sort_sep avia_show_sort'>\/<\/span><a href=\"#\" data-filter=\"huerto-la-florida_sort\" class=\"huerto-la-florida_sort_button avia_show_sort\" ><span class=\"inner_sort_button\"><span>Huerto La Florida (L&#039;Hospitalet de Llobregat)<\/span><small class='avia-term-count'> 4 <\/small><\/span><\/a><span class='text-sep huerto-sin-fronteras_sort_sep avia_show_sort'>\/<\/span><a href=\"#\" data-filter=\"huerto-sin-fronteras_sort\" class=\"huerto-sin-fronteras_sort_button avia_show_sort\" ><span class=\"inner_sort_button\"><span>Huerto Sin Fronteras de Sant Mart\u00ed<\/span><small class='avia-term-count'> 1 <\/small><\/span><\/a><span class='text-sep investigacion_sort_sep avia_show_sort'>\/<\/span><a href=\"#\" data-filter=\"investigacion_sort\" class=\"investigacion_sort_button avia_show_sort\" ><span class=\"inner_sort_button\"><span>Investigaci\u00f3n<\/span><small class='avia-term-count'> 3 <\/small><\/span><\/a><span class='text-sep jardi-fenix_sort_sep avia_show_sort'>\/<\/span><a href=\"#\" data-filter=\"jardi-fenix_sort\" class=\"jardi-fenix_sort_button avia_show_sort\" ><span class=\"inner_sort_button\"><span>Jard\u00ed F\u00e8nix<\/span><small class='avia-term-count'> 2 <\/small><\/span><\/a><\/div><\/div><div class=\"av-masonry-container isotope av-js-disabled\"><div class='av-masonry-entry isotope-item av-masonry-item-no-image all_sort huerto-ie-la-mina_sort  huerto-la-florida_sort  investigacion_sort  huerto-sin-fronteras_sort  jardi-fenix_sort '><\/div><a href=\"https:\/\/fundacioferrergreenforgood.org\/es\/entrevista-creaf\/\"  id='av-masonry-1-item-7622' data-av-masonry-item='7622' class='av-masonry-entry isotope-item post-7622 post type-post status-publish format-standard has-post-thumbnail hentry category-huerto-ie-la-mina category-huerto-la-florida category-investigacion all_sort huerto-ie-la-mina_sort  huerto-la-florida_sort  investigacion_sort  av-masonry-item-with-image' title=\"Corina Basnou i Sandra Calduch\"   itemscope=\"itemscope\" itemtype=\"https:\/\/schema.org\/CreativeWork\" ><div class='av-inner-masonry-sizer'><\/div><figure class='av-inner-masonry main_color'><div class=\"av-masonry-outerimage-container\"><div class='av-masonry-image-container' style=\"background-image: url(https:\/\/fundacioferrergreenforgood.org\/wp-content\/uploads\/2026\/04\/Corina-Basnou-i-Sandra-Calduch-705x529.png);\"  title=\"Corina Basnou i Sandra Calduch\" ><\/div><\/div><figcaption class='av-inner-masonry-content site-background'><div class='av-inner-masonry-content-pos'><div class='av-inner-masonry-content-pos-content'><div class='avia-arrow'><\/div><div class='av-masonry-entry-content entry-content'  itemprop=\"text\" >Hablamos con las investigadoras del CREAF que realizan un estudio en los Huertos Green for Good<\/div><span class='av-masonry-date meta-color updated'>27 abril 2026<\/span><span class=\"av-masonry-text-sep text-sep-author\">\/<\/span><span class='av-masonry-author meta-color author'><span class='fn'>por comunicacioff<\/span><\/span><\/div><\/div><\/figcaption><\/figure><\/a><!--end av-masonry entry--><a href=\"https:\/\/fundacioferrergreenforgood.org\/es\/la-fundacio-ferrer-green-for-good-participa-en-una-accion-comunitaria-para-renaturalizar-el-barrio-de-la-mina\/\"  id='av-masonry-1-item-7602' data-av-masonry-item='7602' class='av-masonry-entry isotope-item post-7602 post type-post status-publish format-standard has-post-thumbnail hentry category-huerto-ie-la-mina all_sort huerto-ie-la-mina_sort  av-masonry-item-with-image' title=\"Taller bombes de llavors La Mina\"   itemscope=\"itemscope\" itemtype=\"https:\/\/schema.org\/CreativeWork\" ><div class='av-inner-masonry-sizer'><\/div><figure class='av-inner-masonry main_color'><div class=\"av-masonry-outerimage-container\"><div class='av-masonry-image-container' style=\"background-image: url(https:\/\/fundacioferrergreenforgood.org\/wp-content\/uploads\/2026\/03\/Taller-bombes-de-llavors-La-Mina-705x529.png);\"  title=\"Taller bombes de llavors La Mina\" ><\/div><\/div><figcaption class='av-inner-masonry-content site-background'><div class='av-inner-masonry-content-pos'><div class='av-inner-masonry-content-pos-content'><div class='avia-arrow'><\/div><div class='av-masonry-entry-content entry-content'  itemprop=\"text\" >La Fundaci\u00f3 Ferrer Green for Good participa en una acci\u00f3n comunitaria para renaturalizar el barrio de La Mina<\/div><span class='av-masonry-date meta-color updated'>26 marzo 2026<\/span><span class=\"av-masonry-text-sep text-sep-author\">\/<\/span><span class='av-masonry-author meta-color author'><span class='fn'>por comunicacioff<\/span><\/span><\/div><\/div><\/figcaption><\/figure><\/a><!--end av-masonry entry--><a href=\"https:\/\/fundacioferrergreenforgood.org\/es\/la-fundacio-ferrer-green-for-good-y-el-creaf-convierten-huertos-urbanos-sociales-en-laboratorios-vivos-para-entender-la-salud-ambiental-de-barcelona\/\"  id='av-masonry-1-item-7569' data-av-masonry-item='7569' class='av-masonry-entry isotope-item post-7569 post type-post status-publish format-standard has-post-thumbnail hentry category-huerto-ie-la-mina category-huerto-la-florida category-investigacion all_sort huerto-ie-la-mina_sort  huerto-la-florida_sort  investigacion_sort  av-masonry-item-with-image' title=\"PORTADA CREAF WEB\"   itemscope=\"itemscope\" itemtype=\"https:\/\/schema.org\/CreativeWork\" ><div class='av-inner-masonry-sizer'><\/div><figure class='av-inner-masonry main_color'><div class=\"av-masonry-outerimage-container\"><div class='av-masonry-image-container' style=\"background-image: url(https:\/\/fundacioferrergreenforgood.org\/wp-content\/uploads\/2026\/02\/PORTADA-CREAF-WEB-705x529.png);\"  title=\"PORTADA CREAF WEB\" ><\/div><\/div><figcaption class='av-inner-masonry-content site-background'><div class='av-inner-masonry-content-pos'><div class='av-inner-masonry-content-pos-content'><div class='avia-arrow'><\/div><div class='av-masonry-entry-content entry-content'  itemprop=\"text\" >La Fundaci\u00f3 Ferrer Green for Good y el CREAF presentan el proyecto de investigaci\u00f3n HealthyCities4All<\/div><span class='av-masonry-date meta-color updated'>18 febrero 2026<\/span><span class=\"av-masonry-text-sep text-sep-author\">\/<\/span><span class='av-masonry-author meta-color author'><span class='fn'>por comunicacioff<\/span><\/span><\/div><\/div><\/figcaption><\/figure><\/a><!--end av-masonry entry--><a href=\"https:\/\/fundacioferrergreenforgood.org\/es\/comienzan-las-primeras-sesiones-formativas-de-2026-en-los-huertos-green-for-good\/\"  id='av-masonry-1-item-7558' data-av-masonry-item='7558' class='av-masonry-entry isotope-item post-7558 post type-post status-publish format-standard has-post-thumbnail hentry category-huerto-ie-la-mina category-huerto-la-florida category-huerto-sin-fronteras category-jardi-fenix all_sort huerto-ie-la-mina_sort  huerto-la-florida_sort  huerto-sin-fronteras_sort  jardi-fenix_sort  av-masonry-item-with-image' title=\"formaci\u00f3 horts web\"   itemscope=\"itemscope\" itemtype=\"https:\/\/schema.org\/CreativeWork\" ><div class='av-inner-masonry-sizer'><\/div><figure class='av-inner-masonry main_color'><div class=\"av-masonry-outerimage-container\"><div class='av-masonry-image-container' style=\"background-image: url(https:\/\/fundacioferrergreenforgood.org\/wp-content\/uploads\/2026\/01\/formacio-horts-web-705x529.jpg);\"  title=\"formaci\u00f3 horts web\" ><\/div><\/div><figcaption class='av-inner-masonry-content site-background'><div class='av-inner-masonry-content-pos'><div class='av-inner-masonry-content-pos-content'><div class='avia-arrow'><\/div><div class='av-masonry-entry-content entry-content'  itemprop=\"text\" >Comienzan las primeras sesiones formativas de 2026 en los Huertos Green for Good<\/div><span class='av-masonry-date meta-color updated'>29 enero 2026<\/span><span class=\"av-masonry-text-sep text-sep-author\">\/<\/span><span class='av-masonry-author meta-color author'><span class='fn'>por comunicacioff<\/span><\/span><\/div><\/div><\/figcaption><\/figure><\/a><!--end av-masonry entry--><a href=\"https:\/\/fundacioferrergreenforgood.org\/es\/el-jardi-fenix-cas-sarria-barcelona-es-galardonado-con-el-premio-lluis-marti-al-valor-socioambiental\/\"  id='av-masonry-1-item-7437' data-av-masonry-item='7437' class='av-masonry-entry isotope-item post-7437 post type-post status-publish format-standard has-post-thumbnail hentry category-jardi-fenix all_sort jardi-fenix_sort  av-masonry-item-with-image' title=\"Premi Jard\u00ed F\u00e8nix\"   itemscope=\"itemscope\" itemtype=\"https:\/\/schema.org\/CreativeWork\" ><div class='av-inner-masonry-sizer'><\/div><figure class='av-inner-masonry main_color'><div class=\"av-masonry-outerimage-container\"><div class='av-masonry-image-container' style=\"background-image: url(https:\/\/fundacioferrergreenforgood.org\/wp-content\/uploads\/2026\/01\/Premi-Jardi-Fenix-705x529.jpg);\"  title=\"Premi Jard\u00ed F\u00e8nix\" ><\/div><\/div><figcaption class='av-inner-masonry-content site-background'><div class='av-inner-masonry-content-pos'><div class='av-inner-masonry-content-pos-content'><div class='avia-arrow'><\/div><div class='av-masonry-entry-content entry-content'  itemprop=\"text\" >El Jard\u00ed F\u00e8nix (CAS Sarri\u00e0 - Barcelona) es galardonado por su labor socioambiental<\/div><span class='av-masonry-date meta-color updated'>3 diciembre 2025<\/span><span class=\"av-masonry-text-sep text-sep-author\">\/<\/span><span class='av-masonry-author meta-color author'><span class='fn'>por comunicacioff<\/span><\/span><\/div><\/div><\/figcaption><\/figure><\/a><!--end av-masonry entry--><a href=\"https:\/\/fundacioferrergreenforgood.org\/es\/el-huerto-la-florida-lhospitalet-de-llobregat-cumple-un-ano\/\"  id='av-masonry-1-item-6618' data-av-masonry-item='6618' class='av-masonry-entry isotope-item post-6618 post type-post status-publish format-standard has-post-thumbnail hentry category-huerto-la-florida all_sort huerto-la-florida_sort  av-masonry-item-with-image' title=\"Not\u00edcia La Florida (1)\"   itemscope=\"itemscope\" itemtype=\"https:\/\/schema.org\/CreativeWork\" ><div class='av-inner-masonry-sizer'><\/div><figure class='av-inner-masonry main_color'><div class=\"av-masonry-outerimage-container\"><div class='av-masonry-image-container' style=\"background-image: url(https:\/\/fundacioferrergreenforgood.org\/wp-content\/uploads\/2025\/11\/Noticia-La-Florida-1-705x529.jpg);\"  title=\"Not\u00edcia La Florida (1)\" ><\/div><\/div><figcaption class='av-inner-masonry-content site-background'><div class='av-inner-masonry-content-pos'><div class='av-inner-masonry-content-pos-content'><div class='avia-arrow'><\/div><div class='av-masonry-entry-content entry-content'  itemprop=\"text\" >El Huerto La Florida (L'Hospitalet de Llobregat) cumple un a\u00f1o<\/div><span class='av-masonry-date meta-color updated'>20 noviembre 2025<\/span><span class=\"av-masonry-text-sep text-sep-author\">\/<\/span><span class='av-masonry-author meta-color author'><span class='fn'>por comunicacioff<\/span><\/span><\/div><\/div><\/figcaption><\/figure><\/a><!--end av-masonry entry--><a href=\"https:\/\/fundacioferrergreenforgood.org\/es\/la-fundacio-ferrer-green-for-good-inaugura-su-primer-huerto-en-el-barrio-vulnerable-de-la-mina\/\"  id='av-masonry-1-item-6623' data-av-masonry-item='6623' class='av-masonry-entry isotope-item post-6623 post type-post status-publish format-standard has-post-thumbnail hentry category-huerto-ie-la-mina all_sort huerto-ie-la-mina_sort  av-masonry-item-with-image' title=\"Inauguraci\u00f3 Hort IE La Mina\"   itemscope=\"itemscope\" itemtype=\"https:\/\/schema.org\/CreativeWork\" ><div class='av-inner-masonry-sizer'><\/div><figure class='av-inner-masonry main_color'><div class=\"av-masonry-outerimage-container\"><div class='av-masonry-image-container' style=\"background-image: url(https:\/\/fundacioferrergreenforgood.org\/wp-content\/uploads\/2025\/10\/Noticia-inauguracio-IE-La-Mina-705x529.jpg);\"  title=\"Inauguraci\u00f3 Hort IE La Mina\" ><\/div><\/div><figcaption class='av-inner-masonry-content site-background'><div class='av-inner-masonry-content-pos'><div class='av-inner-masonry-content-pos-content'><div class='avia-arrow'><\/div><div class='av-masonry-entry-content entry-content'  itemprop=\"text\" >La Fundaci\u00f3 Ferrer Green for Good inaugura su primer huerto en el barrio de La Mina<\/div><span class='av-masonry-date meta-color updated'>7 octubre 2025<\/span><span class=\"av-masonry-text-sep text-sep-author\">\/<\/span><span class='av-masonry-author meta-color author'><span class='fn'>por comunicacioff<\/span><\/span><\/div><\/div><\/figcaption><\/figure><\/a><!--end av-masonry entry--><a href=\"https:\/\/fundacioferrergreenforgood.org\/es\/la-fundacio-ferrer-green-for-good-sella-su-alianza-estrategica-con-el-creaf\/\"  id='av-masonry-1-item-6636' data-av-masonry-item='6636' class='av-masonry-entry isotope-item post-6636 post type-post status-publish format-standard has-post-thumbnail hentry category-investigacion all_sort investigacion_sort  av-masonry-item-with-image' title=\"Joan Pino y Estefania Rico\"   itemscope=\"itemscope\" itemtype=\"https:\/\/schema.org\/CreativeWork\" ><div class='av-inner-masonry-sizer'><\/div><figure class='av-inner-masonry main_color'><div class=\"av-masonry-outerimage-container\"><div class='av-masonry-image-container' style=\"background-image: url(https:\/\/fundacioferrergreenforgood.org\/wp-content\/uploads\/2025\/11\/20250626_110831577_iOS-2-705x529.jpg);\"  title=\"Joan Pino y Estefania Rico\" ><\/div><\/div><figcaption class='av-inner-masonry-content site-background'><div class='av-inner-masonry-content-pos'><div class='av-inner-masonry-content-pos-content'><div class='avia-arrow'><\/div><div class='av-masonry-entry-content entry-content'  itemprop=\"text\" >La Fundaci\u00f3 Ferrer Green for Good sella su alianza estrat\u00e9gica con el CREAF<\/div><span class='av-masonry-date meta-color updated'>2 julio 2025<\/span><span class=\"av-masonry-text-sep text-sep-author\">\/<\/span><span class='av-masonry-author meta-color author'><span class='fn'>por comunicacioff<\/span><\/span><\/div><\/div><\/figcaption><\/figure><\/a><!--end av-masonry entry--><\/div><\/div>\n\n","protected":false},"excerpt":{"rendered":"","protected":false},"author":5,"featured_media":0,"parent":0,"menu_order":0,"comment_status":"closed","ping_status":"closed","template":"","meta":{"inline_featured_image":false,"footnotes":""},"class_list":["post-7115","page","type-page","status-publish","hentry"],"yoast_head":"<!-- This site is optimized with the Yoast SEO plugin v26.5 - https:\/\/yoast.com\/wordpress\/plugins\/seo\/ -->\n<title>Noticias - Fundaci\u00f3 Ferrer Green for Good<\/title>\n<meta name=\"robots\" content=\"index, follow, max-snippet:-1, max-image-preview:large, max-video-preview:-1\" \/>\n<link rel=\"canonical\" href=\"https:\/\/fundacioferrergreenforgood.org\/es\/noticies\/\" \/>\n<meta property=\"og:locale\" content=\"es_ES\" \/>\n<meta property=\"og:type\" content=\"article\" \/>\n<meta property=\"og:title\" content=\"Noticias - Fundaci\u00f3 Ferrer Green for Good\" \/>\n<meta property=\"og:url\" content=\"https:\/\/fundacioferrergreenforgood.org\/es\/noticies\/\" \/>\n<meta property=\"og:site_name\" content=\"Fundaci\u00f3 Ferrer Green for Good\" \/>\n<meta property=\"article:modified_time\" content=\"2025-12-02T13:59:42+00:00\" \/>\n<meta name=\"twitter:card\" content=\"summary_large_image\" \/>\n<meta name=\"twitter:label1\" content=\"Tiempo de lectura\" \/>\n\t<meta name=\"twitter:data1\" content=\"1 minuto\" \/>\n<script type=\"application\/ld+json\" class=\"yoast-schema-graph\">{\"@context\":\"https:\/\/schema.org\",\"@graph\":[{\"@type\":\"WebPage\",\"@id\":\"https:\/\/fundacioferrergreenforgood.org\/es\/noticies\/\",\"url\":\"https:\/\/fundacioferrergreenforgood.org\/es\/noticies\/\",\"name\":\"Noticias - Fundaci\u00f3 Ferrer Green for Good\",\"isPartOf\":{\"@id\":\"https:\/\/fundacioferrergreenforgood.org\/#website\"},\"datePublished\":\"2025-11-27T14:48:42+00:00\",\"dateModified\":\"2025-12-02T13:59:42+00:00\",\"inLanguage\":\"es\",\"potentialAction\":[{\"@type\":\"ReadAction\",\"target\":[\"https:\/\/fundacioferrergreenforgood.org\/es\/noticies\/\"]}]},{\"@type\":\"WebSite\",\"@id\":\"https:\/\/fundacioferrergreenforgood.org\/#website\",\"url\":\"https:\/\/fundacioferrergreenforgood.org\/\",\"name\":\"Fundaci\u00f3 Ferrer Green for Good\",\"description\":\"Fundaci\u00f3 Ferrer Green for Good\",\"potentialAction\":[{\"@type\":\"SearchAction\",\"target\":{\"@type\":\"EntryPoint\",\"urlTemplate\":\"https:\/\/fundacioferrergreenforgood.org\/?s={search_term_string}\"},\"query-input\":{\"@type\":\"PropertyValueSpecification\",\"valueRequired\":true,\"valueName\":\"search_term_string\"}}],\"inLanguage\":\"es\"}]}<\/script>\n<!-- \/ Yoast SEO plugin. -->","yoast_head_json":{"title":"Noticias - Fundaci\u00f3 Ferrer Green for Good","robots":{"index":"index","follow":"follow","max-snippet":"max-snippet:-1","max-image-preview":"max-image-preview:large","max-video-preview":"max-video-preview:-1"},"canonical":"https:\/\/fundacioferrergreenforgood.org\/es\/noticies\/","og_locale":"es_ES","og_type":"article","og_title":"Noticias - Fundaci\u00f3 Ferrer Green for Good","og_url":"https:\/\/fundacioferrergreenforgood.org\/es\/noticies\/","og_site_name":"Fundaci\u00f3 Ferrer Green for Good","article_modified_time":"2025-12-02T13:59:42+00:00","twitter_card":"summary_large_image","twitter_misc":{"Tiempo de lectura":"1 minuto"},"schema":{"@context":"https:\/\/schema.org","@graph":[{"@type":"WebPage","@id":"https:\/\/fundacioferrergreenforgood.org\/es\/noticies\/","url":"https:\/\/fundacioferrergreenforgood.org\/es\/noticies\/","name":"Noticias - Fundaci\u00f3 Ferrer Green for Good","isPartOf":{"@id":"https:\/\/fundacioferrergreenforgood.org\/#website"},"datePublished":"2025-11-27T14:48:42+00:00","dateModified":"2025-12-02T13:59:42+00:00","inLanguage":"es","potentialAction":[{"@type":"ReadAction","target":["https:\/\/fundacioferrergreenforgood.org\/es\/noticies\/"]}]},{"@type":"WebSite","@id":"https:\/\/fundacioferrergreenforgood.org\/#website","url":"https:\/\/fundacioferrergreenforgood.org\/","name":"Fundaci\u00f3 Ferrer Green for Good","description":"Fundaci\u00f3 Ferrer Green for Good","potentialAction":[{"@type":"SearchAction","target":{"@type":"EntryPoint","urlTemplate":"https:\/\/fundacioferrergreenforgood.org\/?s={search_term_string}"},"query-input":{"@type":"PropertyValueSpecification","valueRequired":true,"valueName":"search_term_string"}}],"inLanguage":"es"}]}},"_links":{"self":[{"href":"https:\/\/fundacioferrergreenforgood.org\/es\/wp-json\/wp\/v2\/pages\/7115","targetHints":{"allow":["GET"]}}],"collection":[{"href":"https:\/\/fundacioferrergreenforgood.org\/es\/wp-json\/wp\/v2\/pages"}],"about":[{"href":"https:\/\/fundacioferrergreenforgood.org\/es\/wp-json\/wp\/v2\/types\/page"}],"author":[{"embeddable":true,"href":"https:\/\/fundacioferrergreenforgood.org\/es\/wp-json\/wp\/v2\/users\/5"}],"replies":[{"embeddable":true,"href":"https:\/\/fundacioferrergreenforgood.org\/es\/wp-json\/wp\/v2\/comments?post=7115"}],"version-history":[{"count":3,"href":"https:\/\/fundacioferrergreenforgood.org\/es\/wp-json\/wp\/v2\/pages\/7115\/revisions"}],"predecessor-version":[{"id":7126,"href":"https:\/\/fundacioferrergreenforgood.org\/es\/wp-json\/wp\/v2\/pages\/7115\/revisions\/7126"}],"wp:attachment":[{"href":"https:\/\/fundacioferrergreenforgood.org\/es\/wp-json\/wp\/v2\/media?parent=7115"}],"curies":[{"name":"wp","href":"https:\/\/api.w.org\/{rel}","templated":true}]}}